{"id":150,"date":"2021-01-18T22:35:59","date_gmt":"2021-01-18T22:35:59","guid":{"rendered":"http:\/\/psycholog.co\/?page_id=150"},"modified":"2021-01-18T22:35:59","modified_gmt":"2021-01-18T22:35:59","slug":"rodo","status":"publish","type":"page","link":"https:\/\/psycholog.co\/?page_id=150","title":{"rendered":"RODO"},"content":{"rendered":"\n<p><strong>KLAUZULA INFORMACYJNA \u2013<\/strong><\/p>\n\n\n\n<p><strong>INFORMACJA O PRZETWARZANIU DANYCH OSOBOWYCH RODO<\/strong><\/p>\n\n\n\n<p><strong>przez<\/strong><\/p>\n\n\n\n<p><strong>Gabinet Psychologiczny Barbara Ostrowska &#8211; Psychoterapia i Szkolenia<\/strong><\/p>\n\n\n\n<p><strong>Administrator danych osobowych<\/strong><\/p>\n\n\n\n<ul class=\"wp-block-list\"><li>Administratorem danych osobowych jest <strong>Gabinet Psychologiczny Barbara Ostrowska &#8211; Psychoterapia i Szkolenia<\/strong> z siedzib\u0105 w Zb\u0105szyniu (64-360), &nbsp;przy ul. Sportowej 14.<\/li><\/ul>\n\n\n\n<p><strong>Przetwarzanie danych<\/strong><\/p>\n\n\n\n<ul class=\"wp-block-list\"><li>Przetwarzane dane osobowe s\u0105 pozyskiwane w wyniku zapisywania si\u0119 pacjent\u00f3w na wizyty: telefonicznie pod numerem telefonu 518038018, za pomoc\u0105 poczty elektronicznej <a href=\"mailto:psycholog.co@gmail.com\">psycholog.co@gmail.com<\/a> , a&nbsp; tak\u017ce formularza kontaktowego na stronie internetowej <a href=\"http:\/\/www.psycholog.co\">www.psycholog.co<\/a> .<br>Dane obejmuj\u0105 imi\u0119 i nazwisko oraz nr telefonu, w niekt\u00f3rych przypadkach r\u00f3wnie\u017c adres&nbsp;e-mail i adres zamieszkania.<\/li><li>Pani\/Pana dane osobowe s\u0105 przetwarzane na podstawie art. 6 ust. 1 lit. f RODO,&nbsp;w oparciu o niezb\u0119dno\u015b\u0107 przetwarzania do cel\u00f3w wynikaj\u0105cych z prawnie uzasadnionych interes\u00f3w realizowanych przez Administratora.<\/li><li>Prawnie uzasadnione interesy realizowane przez Gabinet Psychologiczny polegaj\u0105 na przeprowadzeniu diagnozy, konsultacji, poradnictwa i\/lub psychoterapii indywidualnej,&nbsp;a tak\u017ce ewentualnego stworzenia opinii psychologicznej i\/lub za\u015bwiadczenia.<\/li><li>Pani\/Pana dane s\u0105 przetwarzane w celu kontaktu dotycz\u0105cego dat&nbsp;i godzin spotka\u0144 w zwi\u0105zku z diagnoz\u0105, konsultacj\u0105, poradnictwem b\u0105d\u017a psychoterapi\u0105.<\/li><li>Dodatkowo dane s\u0105 przetwarzane w zwi\u0105zku z wystawianiem faktury.<\/li><li>Pani\/Pana dane osobowe s\u0105 przetwarzane r\u0119cznie w celu przeprowadzeniu diagnozy, konsultacji, poradnictwa i psychoterapii indywidualnej, a tak\u017ce komputerowo w celu ewentualnego stworzenia opinii psychologicznej i\/lub wydania za\u015bwiadczenia.<\/li><\/ul>\n\n\n\n<p><strong>Okres przechowywania danych<\/strong><\/p>\n\n\n\n<ul class=\"wp-block-list\"><li>Dane osobowe s\u0105 przechowywane do momentu z\u0142o\u017cenia przez Pani\u0105\/Pana \u017c\u0105dania ich usuni\u0119cia lub rezygnacji z us\u0142ug Gabinetu Psychologicznego Barbara Ostrowska \u2013 Psychoterapia i Szkolenia.<\/li><\/ul>\n\n\n\n<p><strong>Przekazywanie danych<\/strong><\/p>\n\n\n\n<ul class=\"wp-block-list\"><li>W sytuacji konieczno\u015bci wystawienia faktury dane osobowe s\u0105 przekazywane firmie&nbsp;Biuro Rachunkowe Magdalena Byrka z siedzib\u0105 w Komornikach (62-052) przy ul. Azaliowa 15, kt\u00f3ra prowadzi obs\u0142ug\u0119 finansowo-ksi\u0119gow\u0105 Gabinetu (dane w zakresie imienia&nbsp;i nazwiska, a na wyra\u017ane \u017cyczenie pacjenta r\u00f3wnie\u017c adresu).<\/li><\/ul>\n\n\n\n<p>W sytuacji superwizji \u2013 czyli merytorycznego nadzoru proces\u00f3w leczenia \u2013 informacje dotycz\u0105ce pacjentki\/pacjenta przekazywane s\u0105 w spos\u00f3b uniemo\u017cliwiaj\u0105cy identyfikacj\u0119 konkretnej osoby (zachowana jest pe\u0142na anonimowo\u015b\u0107).<\/p>\n\n\n\n<p><strong>Pani\/Pana dane osobowe s\u0105 obj\u0119te tajemnic\u0105 zawodow\u0105 psychologa<\/strong>.<\/p>\n\n\n\n<p>Z wyj\u0105tkiem zwolnienia z obowi\u0105zku z zachowania poufno\u015bci przez prokuratora lub s\u0105d b\u0105d\u017a je\u015bli \u017cycie lub zdrowie pacjentki\/pacjenta lub innych os\u00f3b z jej\/jego otoczenia b\u0119dzie zagro\u017cone.<\/p>\n\n\n\n<p><strong>Prawa w\u0142a\u015bciciela danych osobowych<\/strong><\/p>\n\n\n\n<ul class=\"wp-block-list\"><li>Przys\u0142uguje Pani\/Panu prawo dost\u0119pu do swoich danych osobowych, sprostowania danych, usuni\u0119cia ich z bazy, ograniczenia ich przetwarzania, wniesienia sprzeciwu wobec przetwarzania danych, przenoszenia danych, wniesienia skargi do organu nadzorczego, cofni\u0119cia zgody na przetwarzanie danych osobowych.<\/li><li>Je\u015bli \u017cycz\u0105 sobie Pa\u0144stwo usuni\u0119cia danych osobowych z bazy, sprostowania lub ograniczenia ich przetwarzania \u2013 Gabinet Psychologiczny Barbara Ostrowska &#8211; Psychoterapia i Szkolenia z siedzib\u0105 w Zb\u0105szyniu (64-360),&nbsp; przy ul. Sportowej 14 \u2013 pisemnie: pismo dor\u0119czone osobi\u015bcie b\u0105d\u017a poczt\u0105 tradycyjn\u0105.<\/li><\/ul>\n\n\n\n<p>Dok\u0142adam wszelkich stara\u0144, aby zapewni\u0107 \u015brodki fizycznej, technicznej\u00a0i organizacyjnej ochrony danych osobowych przed ich przypadkowym, czy umy\u015blnym zniszczeniem, przypadkow\u0105 utrat\u0105, zmian\u0105, nieuprawnionym ujawnieniem, wykorzystaniem czy dost\u0119pem, zgodnie ze wszystkimi obowi\u0105zuj\u0105cymi przepisami.<\/p>\n","protected":false},"excerpt":{"rendered":"<p>KLAUZULA INFORMACYJNA \u2013 INFORMACJA O PRZETWARZANIU DANYCH OSOBOWYCH RODO przez Gabinet Psychologiczny Barbara Ostrowska &#8211; Psychoterapia i Szkolenia Administrator danych osobowych Administratorem danych osobowych jest Gabinet Psychologiczny Barbara Ostrowska &#8211; Psychoterapia i Szkolenia z siedzib\u0105 w Zb\u0105szyniu (64-360), &nbsp;przy ul. Sportowej 14. Przetwarzanie danych Przetwarzane dane osobowe s\u0105 pozyskiwane w wyniku zapisywania si\u0119 pacjent\u00f3w na&hellip; <a class=\"more-link\" href=\"https:\/\/psycholog.co\/?page_id=150\">Read More <span class=\"screen-reader-text\">RODO<\/span><\/a><\/p>\n","protected":false},"author":1,"featured_media":0,"parent":0,"menu_order":0,"comment_status":"closed","ping_status":"closed","template":"","meta":{"footnotes":""},"class_list":["post-150","page","type-page","status-publish","hentry"],"jetpack-related-posts":[],"jetpack_sharing_enabled":true,"_links":{"self":[{"href":"https:\/\/psycholog.co\/index.php?rest_route=\/wp\/v2\/pages\/150","targetHints":{"allow":["GET"]}}],"collection":[{"href":"https:\/\/psycholog.co\/index.php?rest_route=\/wp\/v2\/pages"}],"about":[{"href":"https:\/\/psycholog.co\/index.php?rest_route=\/wp\/v2\/types\/page"}],"author":[{"embeddable":true,"href":"https:\/\/psycholog.co\/index.php?rest_route=\/wp\/v2\/users\/1"}],"replies":[{"embeddable":true,"href":"https:\/\/psycholog.co\/index.php?rest_route=%2Fwp%2Fv2%2Fcomments&post=150"}],"version-history":[{"count":2,"href":"https:\/\/psycholog.co\/index.php?rest_route=\/wp\/v2\/pages\/150\/revisions"}],"predecessor-version":[{"id":152,"href":"https:\/\/psycholog.co\/index.php?rest_route=\/wp\/v2\/pages\/150\/revisions\/152"}],"wp:attachment":[{"href":"https:\/\/psycholog.co\/index.php?rest_route=%2Fwp%2Fv2%2Fmedia&parent=150"}],"curies":[{"name":"wp","href":"https:\/\/api.w.org\/{rel}","templated":true}]}}