{"id":184,"date":"2021-08-03T15:12:23","date_gmt":"2021-08-03T15:12:23","guid":{"rendered":"http:\/\/psycholog.co\/?page_id=184"},"modified":"2025-01-10T11:37:21","modified_gmt":"2025-01-10T11:37:21","slug":"cennik","status":"publish","type":"page","link":"https:\/\/psycholog.co\/?page_id=184","title":{"rendered":"Cennik"},"content":{"rendered":"\n<p><\/p>\n\n\n\n<p>Wystawiam za\u015bwiadczenia na potrzeby orzecznictwa o stopniu niepe\u0142nosprwano\u015bci. <\/p>\n\n\n\n<p><\/p>\n\n\n\n<p><strong>Konsultacja psychologiczna\u00a0<\/strong>(45 &#8211; 50 min) &#8211; 220 z\u0142<\/p>\n\n\n\n<p><strong>Psychoterapia indywidualna\u00a0<\/strong>(45\u00a0&#8211; 50min) &#8211; 220 z\u0142<\/p>\n\n\n\n<p><strong>Diagnoza osobowo\u015bci&nbsp;<\/strong>(120&nbsp;min + konsultacja i om\u00f3wienie wynik\u00f3w) z wykorzystaniem  Minnesocki Wielowymiarowy Inwentarz Osobowo\u015bci\u00ae-2 (MMPI\u00ae-2) &#8211; prosz\u0119 o wcze\u015bniejszy kontakt telefoniczny &#8211; 690 z\u0142<\/p>\n\n\n\n<p><strong>Diagnoza zaburze\u0144 osobowo\u015bci\u00a0<\/strong>(180\u00a0min) Ustrukturalizowany Wywiad Kliniczny do Badania Zaburze\u0144 Osobowo\u015bci (SCID-5-PD) &#8211; prosz\u0119 o wcze\u015bniejszy kontakt telefoniczny &#8211; 690 z\u0142<\/p>\n\n\n\n<p><strong>Diagnoza neuropsychologiczna<\/strong>\u00a0(90\u00a0&#8211; 120 min) Zestaw test\u00f3w neuropsychologicznych mierz\u0105cych aspekty funkcjonowania poznawczego i funkcje: wykonawcze, j\u0119zykowe i wzrokowe, weryfikuj\u0105ce tzw. procesy ot\u0119pienne: Kr\u00f3tka Skala Oceny Stanu Umys\u0142owego (MMSE), Test Rysowania Zegara, Kolorowy Test Po\u0142\u0105cze\u0144 CTT, Test Pami\u0119ci Wzrokowej Bentona, Addenbrooke&#8217;s Cognitive Examination III (ACE-III), Kalifornijski Test Uczenia si\u0119 J\u0119zykowego (CVLT). &#8211; prosz\u0119 o wcze\u015bniejszy kontakt telefoniczny &#8211; 660 z\u0142<\/p>\n\n\n\n<p id=\"psychologcocennik\"><strong>Diagnoza do cel\u00f3w orzecze\u0144\/opinii na potrzeby ZUS, PCPR, S\u0105du itp.<\/strong> (wycena indywidualna na podstawie doboru odpowiednich narz\u0119dzi w zale\u017cno\u015bci od celu badania i skomplikowania; czas ustalany indywidualnie) &#8211; od 500 z\u0142<\/p>\n\n\n\n<p><strong>Analiza dokumentacji medycznej  <\/strong>&#8211; w ramach psychoterapii do 2 stron A4 bezp\u0142atnie, w innych przypadkach wg stawki godzinowej &#8211; 220 z\u0142)<\/p>\n\n\n\n<p><strong>Wystawienie opinii pisemnej<\/strong> &#8211; od 220 z\u0142<\/p>\n\n\n\n<p><strong>Warsztaty\/Wyk\u0142ady\/Seminaria<\/strong> &#8211; od 150 z\u0142\/ 45 min (godzina dydaktyczna) &#8211; wycena indywidualna<\/p>\n","protected":false},"excerpt":{"rendered":"<p>Wystawiam za\u015bwiadczenia na potrzeby orzecznictwa o stopniu niepe\u0142nosprwano\u015bci. Konsultacja psychologiczna\u00a0(45 &#8211; 50 min) &#8211; 220 z\u0142 Psychoterapia indywidualna\u00a0(45\u00a0&#8211; 50min) &#8211; 220 z\u0142 Diagnoza osobowo\u015bci&nbsp;(120&nbsp;min + konsultacja i om\u00f3wienie wynik\u00f3w) z wykorzystaniem Minnesocki Wielowymiarowy Inwentarz Osobowo\u015bci\u00ae-2 (MMPI\u00ae-2) &#8211; prosz\u0119 o wcze\u015bniejszy kontakt telefoniczny &#8211; 690 z\u0142 Diagnoza zaburze\u0144 osobowo\u015bci\u00a0(180\u00a0min) Ustrukturalizowany Wywiad Kliniczny do Badania Zaburze\u0144 Osobowo\u015bci&hellip; <a class=\"more-link\" href=\"https:\/\/psycholog.co\/?page_id=184\">Read More <span class=\"screen-reader-text\">Cennik<\/span><\/a><\/p>\n","protected":false},"author":1,"featured_media":0,"parent":0,"menu_order":0,"comment_status":"closed","ping_status":"closed","template":"","meta":{"footnotes":""},"class_list":["post-184","page","type-page","status-publish","hentry"],"jetpack-related-posts":[],"jetpack_sharing_enabled":true,"_links":{"self":[{"href":"https:\/\/psycholog.co\/index.php?rest_route=\/wp\/v2\/pages\/184","targetHints":{"allow":["GET"]}}],"collection":[{"href":"https:\/\/psycholog.co\/index.php?rest_route=\/wp\/v2\/pages"}],"about":[{"href":"https:\/\/psycholog.co\/index.php?rest_route=\/wp\/v2\/types\/page"}],"author":[{"embeddable":true,"href":"https:\/\/psycholog.co\/index.php?rest_route=\/wp\/v2\/users\/1"}],"replies":[{"embeddable":true,"href":"https:\/\/psycholog.co\/index.php?rest_route=%2Fwp%2Fv2%2Fcomments&post=184"}],"version-history":[{"count":13,"href":"https:\/\/psycholog.co\/index.php?rest_route=\/wp\/v2\/pages\/184\/revisions"}],"predecessor-version":[{"id":256,"href":"https:\/\/psycholog.co\/index.php?rest_route=\/wp\/v2\/pages\/184\/revisions\/256"}],"wp:attachment":[{"href":"https:\/\/psycholog.co\/index.php?rest_route=%2Fwp%2Fv2%2Fmedia&parent=184"}],"curies":[{"name":"wp","href":"https:\/\/api.w.org\/{rel}","templated":true}]}}